{"id":12305,"date":"2016-01-12T18:47:14","date_gmt":"2016-01-12T17:47:14","guid":{"rendered":"http:\/\/www.belako.info\/es\/?page_id=12305"},"modified":"2016-01-14T19:18:06","modified_gmt":"2016-01-14T18:18:06","slug":"aviso-legal","status":"publish","type":"page","link":"https:\/\/www.belako.info\/es\/aviso-legal\/","title":{"rendered":"Aviso legal"},"content":{"rendered":"<p>En cumplimiento de lo dispuesto en el art. 10 de la Ley de Servicios de la sociedad de la informaci\u00f3n y comercio electr\u00f3nico (LSSICE), se hace constar la siguiente informaci\u00f3n: el sitio web con nombre de dominio www.belako.info, pertenece a Amaia Nu\u00f1ez Yarza y Otra C.B., con NIF: E75054312 y domicilio social en la calle Herriko Plaza 2, 20.270 Anoeta (Guip\u00fazcoa), Euskal Herria; tel\u00e9fono: (+34) 943 698 996<\/p>\n<p>El sitio web www.belako.info para el cumplimiento de su misi\u00f3n distribuye contenidos textuales, gr\u00e1ficos, audiovisuales, pl\u00e1sticos, inform\u00e1ticos y t\u00e9cnicos, correspondiendo el copyright de dichos contenidos a Amaia Nu\u00f1ez Yarza y Otra C.B., cuya utilizaci\u00f3n por parte del usuario est\u00e1 sujeta a las cl\u00e1usulas que sobre los derechos de propiedad intelectual se especifican en estas condiciones de uso. El acceso a dichos contenidos supone para el usuario la aceptaci\u00f3n de las condiciones que sobre propiedad intelectual, responsabilidad y protecci\u00f3n de datos personales se se\u00f1alan en estas condiciones de uso.<\/p>\n<h1>Derechos de propiedad intelectual<\/h1>\n<p>Los contenidos del sitio web www.belako.info se consideran obras intelectuales y est\u00e1n protegidos por la Ley de Propiedad Intelectual nacional y europea vigente. El titular del copyright permite la utilizaci\u00f3n de los contenidos de acuerdo a las condiciones siguientes:<br \/>\n\u2022 El usuario tiene autorizaci\u00f3n para la reproducci\u00f3n, distribuci\u00f3n, comunicaci\u00f3n p\u00fablica y transformaci\u00f3n de los contenidos que integran el portal, espec\u00edficamente derecho a crear, a partir de los contenidos de este sitio, obras derivadas y obras compuestas e independientes.<br \/>\n\u2022 La autorizaci\u00f3n tiene una vigencia permanente (durante el periodo de tiempo que duren los derechos de propiedad intelectual), un \u00e1mbito territorial mundial, es gratuita, y se otorga bajo la forma no exclusiva.<br \/>\n\u2022 El usuario podr\u00e1 reutilizar los contenidos y distribuirlos, siempre que cite al autor original y la fuente de la que ha obtenido dichos contenidos.<br \/>\n\u2022 El usuario podr\u00e1 crear obras derivadas y compuestas, siempre que cite al autor original y la fuente de la que ha obtenido dichos contenidos.<br \/>\n\u2022 Para alterar las condiciones de esta licencia, debe solicitarse el permiso escrito del titular de los contenidos.<br \/>\n\u2022 Se aplican los l\u00edmites a los derechos de autor contenidos en la ley de propiedad intelectual vigente.<br \/>\n\u2022 Se tendr\u00e1n en cuenta las especificaciones legales aplicables sobre contenidos determinados, tales como obras audiovisuales, programas de ordenador y bases de datos, que se incorporen al portal formativo.<br \/>\n\u2022 La autorizaci\u00f3n se entender\u00e1 por finalizada en el momento en que se incumpla alguno de los t\u00e9rminos de la presente autorizaci\u00f3n; si alguna de las cl\u00e1usulas se considerara nula o anulable, no afectar\u00e1 al resto de condiciones que se entienden v\u00e1lidas; en el caso de alteraci\u00f3n de dichas condiciones, dicha modificaci\u00f3n no afectar\u00e1 a las autorizaciones concedidas previamente al momento de la modificaci\u00f3n, que seguir\u00e1n vigentes salvo pacto escrito entre el titular y el usuario.<\/p>\n<p>Como excepci\u00f3n al p\u00e1rrafo anterior, ser\u00e1n de sus respectivos titulares los nombres comerciales, marcas y logotipos de las empresas anunciantes en el portal formativo, a los que quedan reservados los derechos de propiedad industrial. El uso de estos signos distintivos se realizar\u00e1 siempre solicitando autorizaci\u00f3n escrita al titular de los derechos de propiedad industrial.<\/p>\n<p>Condiciones para el establecimiento de enlaces al sitio web www.belako.info. Los prestadores de servicios que deseen establecer hipertextos con el portal formativo www.belako.info, podr\u00e1n solicitarlos en la siguiente direcci\u00f3n de correo electr\u00f3nico: belako@belako.info. De acuerdo con lo establecido en el art. 17.1. de la LSSICE el titular podr\u00e1 suprimir o inutilizar aquellos enlaces a contenidos o instrumentos de b\u00fasqueda en el caso de que la actividad o informaci\u00f3n que contengan sea il\u00edcita o lesionen bienes o derechos de terceros susceptibles de indemnizaci\u00f3n.<\/p>\n<h1>Responsabilidad<\/h1>\n<p>El titular del sitio web, Amaia Nu\u00f1ez Yarza y Otra C.B., no se hace responsable del uso indebido o posibles infracciones que los usuarios puedan cometer de los elementos protegidos por la legislaci\u00f3n de propiedad intelectual as\u00ed como de la infracci\u00f3n de las condiciones de uso especificadas sobre esta materia.<\/p>\n<p>Amaia Nu\u00f1ez Yarza y Otra C.B.velar\u00e1 por la actualidad y exactitud de los contenidos educativos y de la informaci\u00f3n que integra el portal www.belako.info , siempre que se trate de informaci\u00f3n general, no referida a circunstancias espec\u00edficas relativas a personas o instituciones u organismos oficiales. Cuando se trate de opiniones vertidas por los autores de contenidos, Amaia Nu\u00f1ez Yarza y Otra C.B. declina toda responsabilidad, ya que no responde ni de su veracidad o exactitud ni de su integridad como responsable del sitio.<\/p>\n<p>Amaia Nu\u00f1ez Yarza y Otra C.B. no se hace responsable de los errores t\u00e9cnicos que en alg\u00fan momento puedan producirse en relaci\u00f3n al acceso, funcionamiento y operatividad de los servicios ofrecidos en el sitio web o en relaci\u00f3n a la interrupci\u00f3n o suspensi\u00f3n de dichos servicios por causas t\u00e9cnicas, fortuitas o de fuerza mayor no atribuibles al mismo.<\/p>\n<h1>Ley aplicable<\/h1>\n<p>Estas condiciones de uso han sido redactadas conforme a la legislaci\u00f3n espa\u00f1ola vigente, en concreto, conforme a la Ley de Servicios de la Sociedad de la Informaci\u00f3n y Comercio Electr\u00f3nico de 11 de julio de 2002, normas civiles y mercantiles espa\u00f1olas as\u00ed como normativa de protecci\u00f3n de datos personales y protecci\u00f3n de consumidores y usuarios.<\/p>\n<h1>M\u00e1s informaci\u00f3n<\/h1>\n<p>Pueden dirigirse, para cualquier solicitud de informaci\u00f3n adicional, sugerencia o propuesta, a la siguiente direcci\u00f3n de correo electr\u00f3nico belako@belako.info a los tel\u00e9fonos de atenci\u00f3n al usuario (+34) 943 698 996 o bien a la direcci\u00f3n postal calle: Belako Comunicaci\u00f3n &amp; Publicidad \u2013 Herriko Plaza 2, 20.270 Anoeta (Guip\u00fazcoa).<\/p>\n<h1>Datos de tr\u00e1fico y cookies<\/h1>\n<p>El sitio web de Belako.info utiliza cookies con la finalidad \u00fanica de facilitar y mejorar la navegaci\u00f3n del usuario. Una cookie es un archivo de texto que un servidor web puede dejar en el disco duro del usuario con el fin de identificarlo cuando \u00e9ste se vuelva a conectar. El sitio web de Belako s\u00f3lo leer\u00e1 las cookies generadas por \u00e9l mismo. Las cookies utilizadas por Belako se asocian \u00fanicamente a un usuario y un ordenador, no permitiendo el acceso a otros datos de car\u00e1cter personal. La mayor\u00eda de los navegadores aceptan la utilizaci\u00f3n de cookies de forma autom\u00e1tica, pero el usuario puede configurar su navegador para ser avisado en su pantalla de ordenador de la recepci\u00f3n de cookies y poder impedir su instalaci\u00f3n en su disco duro.<\/p>\n<p>Asimismo, y con la finalidad de ofrecer un mejor servicio a trav\u00e9s de este sitio, www.belako.info registra la direcci\u00f3n IP, permiti\u00e9ndose as\u00ed el posterior procesamiento de los datos con el fin de analizar el n\u00famero de p\u00e1ginas visitadas, el n\u00famero de visitas, as\u00ed como la actividad de los visitantes de la web, y su frecuencia de utilizaci\u00f3n.<\/p>\n","protected":false},"excerpt":{"rendered":"<p>En cumplimiento de lo dispuesto en el art. 10 de la Ley de Servicios de la sociedad de la informaci\u00f3n y comercio electr\u00f3nico (LSSICE), se hace constar la siguiente informaci\u00f3n: el sitio web con nombre de dominio www.belako.info, pertenece a Amaia Nu\u00f1ez Yarza y Otra C.B., con NIF: E75054312 y domicilio social en la calle [&hellip;]<\/p>\n","protected":false},"author":1,"featured_media":0,"parent":0,"menu_order":0,"comment_status":"closed","ping_status":"closed","template":"","meta":{"_mi_skip_tracking":false},"_links":{"self":[{"href":"https:\/\/www.belako.info\/es\/wp-json\/wp\/v2\/pages\/12305"}],"collection":[{"href":"https:\/\/www.belako.info\/es\/wp-json\/wp\/v2\/pages"}],"about":[{"href":"https:\/\/www.belako.info\/es\/wp-json\/wp\/v2\/types\/page"}],"author":[{"embeddable":true,"href":"https:\/\/www.belako.info\/es\/wp-json\/wp\/v2\/users\/1"}],"replies":[{"embeddable":true,"href":"https:\/\/www.belako.info\/es\/wp-json\/wp\/v2\/comments?post=12305"}],"version-history":[{"count":3,"href":"https:\/\/www.belako.info\/es\/wp-json\/wp\/v2\/pages\/12305\/revisions"}],"predecessor-version":[{"id":12334,"href":"https:\/\/www.belako.info\/es\/wp-json\/wp\/v2\/pages\/12305\/revisions\/12334"}],"wp:attachment":[{"href":"https:\/\/www.belako.info\/es\/wp-json\/wp\/v2\/media?parent=12305"}],"curies":[{"name":"wp","href":"https:\/\/api.w.org\/{rel}","templated":true}]}}